{"id":9096,"date":"2025-01-27T10:37:58","date_gmt":"2025-01-27T08:37:58","guid":{"rendered":"https:\/\/kurentovanje.net\/?page_id=9096"},"modified":"2026-02-09T16:49:43","modified_gmt":"2026-02-09T14:49:43","slug":"dan-kurentov","status":"publish","type":"page","link":"https:\/\/kurentovanje.net\/eng\/dan-kurentov\/","title":{"rendered":"Day of Kurent and Korant groups"},"content":{"rendered":"<p>Every year during Kurentovanje, Wednesday is reserved for the Day of Kurent and Korant Groups. At 6 PM, the Mestni Trg square will be filled by hundreds of horned and feathered Kurents\/ Korants.<\/p>\n<p>The Day of the Kurent and Korant Groups takes place under the honorary patronage of the Slovenian National Commission for UNESCO.<\/p>\n<p><img decoding=\"async\" class=\"alignnone wp-image-10197\" src=\"https:\/\/kurentovanje.net\/wp-content\/uploads\/2026\/01\/unesco_natcom_slovenian_slv_B.png\" alt=\"\" width=\"100\" height=\"86\" \/><\/p>\n<p>Event organizer: Ptuj Public Institute, organizational support: Association of Kurent Societies<\/p>\n<hr \/>\n<p>Zaradi varne izvedbe javne prireditve Dan kurentovih in korantovih skupin, ki se bo odvijala v poznopopoldanskih urah 11. 2. 2026, bo veljala popolna zapora mestnih ulic od 16.30 do pribli\u017eno 19.30. Glede na to, da del zaposlenih dela do 17.00, bo ves \u010das za promet odprta smer stari most-Osojnikova cesta-Trstenjakova ulica-Rai\u010deva ulica in nato smer Vi\u010dava Ore\u0161je ali Maistrova ulica-Grajena.<br \/>\nInformation about road closures during Kurentovanje can be found <span style=\"text-decoration: underline;\"><a href=\"https:\/\/www.ptuj.si\/objava\/1225882\">here<\/a><\/span>.<\/p>\n<hr \/>\n<h3>PARADE ROUTE<\/h3>\n<p><a href=\"https:\/\/kurentovanje.net\/wp-content\/uploads\/2026\/01\/Trasa-kurentove.jpg\"><img fetchpriority=\"high\" decoding=\"async\" class=\"alignnone size-full wp-image-10205\" src=\"https:\/\/kurentovanje.net\/wp-content\/uploads\/2026\/01\/Trasa-kurentove.jpg\" alt=\"\" width=\"1500\" height=\"1233\" \/><\/a><\/p>","protected":false},"excerpt":{"rendered":"<p>Med Kurentovanjem je sreda vsako leto rezervirana za Dan kurentovih in korantovih skupin. Mestni trg bo ob 18.00 preplavilo na stotine rogatih in pernatih kurentov\/korantov. Dan kurentovih in korantovih skupin poteka pod \u010dastnim pokroviteljstvom Slovenske nacionalne komisije za UNESCO. Organizator dogodka: Javni zavod Ptuj, podpora pri organizaciji: Zveza dru\u0161tev kurentov Zaradi varne izvedbe javne prireditve [&hellip;]<\/p>","protected":false},"author":5,"featured_media":0,"parent":0,"menu_order":0,"comment_status":"closed","ping_status":"closed","template":"","meta":{"footnotes":""},"class_list":["post-9096","page","type-page","status-publish","hentry"],"yoast_head":"<!-- This site is optimized with the Yoast SEO plugin v26.8 - https:\/\/yoast.com\/product\/yoast-seo-wordpress\/ -->\n<title>Dan kurentovih in korantovih skupin - Kurentovanje<\/title>\n<meta name=\"robots\" content=\"index, follow, max-snippet:-1, max-image-preview:large, max-video-preview:-1\" \/>\n<link rel=\"canonical\" href=\"https:\/\/kurentovanje.net\/eng\/dan-kurentov\/\" \/>\n<meta property=\"og:locale\" content=\"en_US\" \/>\n<meta property=\"og:type\" content=\"article\" \/>\n<meta property=\"og:title\" content=\"Dan kurentovih in korantovih skupin - Kurentovanje\" \/>\n<meta property=\"og:description\" content=\"Med Kurentovanjem je sreda vsako leto rezervirana za Dan kurentovih in korantovih skupin. Mestni trg bo ob 18.00 preplavilo na stotine rogatih in pernatih kurentov\/korantov. Dan kurentovih in korantovih skupin poteka pod \u010dastnim pokroviteljstvom Slovenske nacionalne komisije za UNESCO. Organizator dogodka: Javni zavod Ptuj, podpora pri organizaciji: Zveza dru\u0161tev kurentov Zaradi varne izvedbe javne prireditve [&hellip;]\" \/>\n<meta property=\"og:url\" content=\"https:\/\/kurentovanje.net\/eng\/dan-kurentov\/\" \/>\n<meta property=\"og:site_name\" content=\"Kurentovanje\" \/>\n<meta property=\"article:modified_time\" content=\"2026-02-09T14:49:43+00:00\" \/>\n<meta property=\"og:image\" content=\"https:\/\/kurentovanje.net\/wp-content\/uploads\/2021\/11\/video_tumbnail.png\" \/>\n\t<meta property=\"og:image:width\" content=\"1919\" \/>\n\t<meta property=\"og:image:height\" content=\"1001\" \/>\n\t<meta property=\"og:image:type\" content=\"image\/png\" \/>\n<meta name=\"twitter:card\" content=\"summary_large_image\" \/>\n<meta name=\"twitter:label1\" content=\"Est. reading time\" \/>\n\t<meta name=\"twitter:data1\" content=\"2 minutes\" \/>\n<script type=\"application\/ld+json\" class=\"yoast-schema-graph\">{\"@context\":\"https:\/\/schema.org\",\"@graph\":[{\"@type\":\"WebPage\",\"@id\":\"https:\/\/kurentovanje.net\/dan-kurentov\/\",\"url\":\"https:\/\/kurentovanje.net\/dan-kurentov\/\",\"name\":\"Dan kurentovih in korantovih skupin - Kurentovanje\",\"isPartOf\":{\"@id\":\"https:\/\/kurentovanje.net\/#website\"},\"primaryImageOfPage\":{\"@id\":\"https:\/\/kurentovanje.net\/dan-kurentov\/#primaryimage\"},\"image\":{\"@id\":\"https:\/\/kurentovanje.net\/dan-kurentov\/#primaryimage\"},\"thumbnailUrl\":\"https:\/\/kurentovanje.net\/wp-content\/uploads\/2026\/01\/unesco_natcom_slovenian_slv_B.png\",\"datePublished\":\"2025-01-27T08:37:58+00:00\",\"dateModified\":\"2026-02-09T14:49:43+00:00\",\"breadcrumb\":{\"@id\":\"https:\/\/kurentovanje.net\/dan-kurentov\/#breadcrumb\"},\"inLanguage\":\"en-US\",\"potentialAction\":[{\"@type\":\"ReadAction\",\"target\":[\"https:\/\/kurentovanje.net\/dan-kurentov\/\"]}]},{\"@type\":\"ImageObject\",\"inLanguage\":\"en-US\",\"@id\":\"https:\/\/kurentovanje.net\/dan-kurentov\/#primaryimage\",\"url\":\"https:\/\/kurentovanje.net\/wp-content\/uploads\/2026\/01\/unesco_natcom_slovenian_slv_B.png\",\"contentUrl\":\"https:\/\/kurentovanje.net\/wp-content\/uploads\/2026\/01\/unesco_natcom_slovenian_slv_B.png\"},{\"@type\":\"BreadcrumbList\",\"@id\":\"https:\/\/kurentovanje.net\/dan-kurentov\/#breadcrumb\",\"itemListElement\":[{\"@type\":\"ListItem\",\"position\":1,\"name\":\"Home\",\"item\":\"https:\/\/kurentovanje.net\/\"},{\"@type\":\"ListItem\",\"position\":2,\"name\":\"Dan kurentovih in korantovih skupin\"}]},{\"@type\":\"WebSite\",\"@id\":\"https:\/\/kurentovanje.net\/#website\",\"url\":\"https:\/\/kurentovanje.net\/\",\"name\":\"Kurentovanje\",\"description\":\"\",\"publisher\":{\"@id\":\"https:\/\/kurentovanje.net\/#organization\"},\"potentialAction\":[{\"@type\":\"SearchAction\",\"target\":{\"@type\":\"EntryPoint\",\"urlTemplate\":\"https:\/\/kurentovanje.net\/?s={search_term_string}\"},\"query-input\":{\"@type\":\"PropertyValueSpecification\",\"valueRequired\":true,\"valueName\":\"search_term_string\"}}],\"inLanguage\":\"en-US\"},{\"@type\":\"Organization\",\"@id\":\"https:\/\/kurentovanje.net\/#organization\",\"name\":\"Zavod za turizem Ptuj\",\"url\":\"https:\/\/kurentovanje.net\/\",\"logo\":{\"@type\":\"ImageObject\",\"inLanguage\":\"en-US\",\"@id\":\"https:\/\/kurentovanje.net\/#\/schema\/logo\/image\/\",\"url\":\"https:\/\/kurentovanje.net\/wp-content\/uploads\/2022\/01\/Group-104.svg\",\"contentUrl\":\"https:\/\/kurentovanje.net\/wp-content\/uploads\/2022\/01\/Group-104.svg\",\"width\":173.246000000000009322320693172514438629150390625,\"height\":122.030000000000001136868377216160297393798828125,\"caption\":\"Zavod za turizem Ptuj\"},\"image\":{\"@id\":\"https:\/\/kurentovanje.net\/#\/schema\/logo\/image\/\"}}]}<\/script>\n<!-- \/ Yoast SEO plugin. -->","yoast_head_json":{"title":"Dan kurentovih in korantovih skupin - Kurentovanje","robots":{"index":"index","follow":"follow","max-snippet":"max-snippet:-1","max-image-preview":"max-image-preview:large","max-video-preview":"max-video-preview:-1"},"canonical":"https:\/\/kurentovanje.net\/eng\/dan-kurentov\/","og_locale":"en_US","og_type":"article","og_title":"Dan kurentovih in korantovih skupin - Kurentovanje","og_description":"Med Kurentovanjem je sreda vsako leto rezervirana za Dan kurentovih in korantovih skupin. Mestni trg bo ob 18.00 preplavilo na stotine rogatih in pernatih kurentov\/korantov. Dan kurentovih in korantovih skupin poteka pod \u010dastnim pokroviteljstvom Slovenske nacionalne komisije za UNESCO. Organizator dogodka: Javni zavod Ptuj, podpora pri organizaciji: Zveza dru\u0161tev kurentov Zaradi varne izvedbe javne prireditve [&hellip;]","og_url":"https:\/\/kurentovanje.net\/eng\/dan-kurentov\/","og_site_name":"Kurentovanje","article_modified_time":"2026-02-09T14:49:43+00:00","og_image":[{"width":1919,"height":1001,"url":"https:\/\/kurentovanje.net\/wp-content\/uploads\/2021\/11\/video_tumbnail.png","type":"image\/png"}],"twitter_card":"summary_large_image","twitter_misc":{"Est. reading time":"2 minutes"},"schema":{"@context":"https:\/\/schema.org","@graph":[{"@type":"WebPage","@id":"https:\/\/kurentovanje.net\/dan-kurentov\/","url":"https:\/\/kurentovanje.net\/dan-kurentov\/","name":"Dan kurentovih in korantovih skupin - Kurentovanje","isPartOf":{"@id":"https:\/\/kurentovanje.net\/#website"},"primaryImageOfPage":{"@id":"https:\/\/kurentovanje.net\/dan-kurentov\/#primaryimage"},"image":{"@id":"https:\/\/kurentovanje.net\/dan-kurentov\/#primaryimage"},"thumbnailUrl":"https:\/\/kurentovanje.net\/wp-content\/uploads\/2026\/01\/unesco_natcom_slovenian_slv_B.png","datePublished":"2025-01-27T08:37:58+00:00","dateModified":"2026-02-09T14:49:43+00:00","breadcrumb":{"@id":"https:\/\/kurentovanje.net\/dan-kurentov\/#breadcrumb"},"inLanguage":"en-US","potentialAction":[{"@type":"ReadAction","target":["https:\/\/kurentovanje.net\/dan-kurentov\/"]}]},{"@type":"ImageObject","inLanguage":"en-US","@id":"https:\/\/kurentovanje.net\/dan-kurentov\/#primaryimage","url":"https:\/\/kurentovanje.net\/wp-content\/uploads\/2026\/01\/unesco_natcom_slovenian_slv_B.png","contentUrl":"https:\/\/kurentovanje.net\/wp-content\/uploads\/2026\/01\/unesco_natcom_slovenian_slv_B.png"},{"@type":"BreadcrumbList","@id":"https:\/\/kurentovanje.net\/dan-kurentov\/#breadcrumb","itemListElement":[{"@type":"ListItem","position":1,"name":"Home","item":"https:\/\/kurentovanje.net\/"},{"@type":"ListItem","position":2,"name":"Dan kurentovih in korantovih skupin"}]},{"@type":"WebSite","@id":"https:\/\/kurentovanje.net\/#website","url":"https:\/\/kurentovanje.net\/","name":"Kurentovanje","description":"","publisher":{"@id":"https:\/\/kurentovanje.net\/#organization"},"potentialAction":[{"@type":"SearchAction","target":{"@type":"EntryPoint","urlTemplate":"https:\/\/kurentovanje.net\/?s={search_term_string}"},"query-input":{"@type":"PropertyValueSpecification","valueRequired":true,"valueName":"search_term_string"}}],"inLanguage":"en-US"},{"@type":"Organization","@id":"https:\/\/kurentovanje.net\/#organization","name":"Ptuj Tourism Public Institute","url":"https:\/\/kurentovanje.net\/","logo":{"@type":"ImageObject","inLanguage":"en-US","@id":"https:\/\/kurentovanje.net\/#\/schema\/logo\/image\/","url":"https:\/\/kurentovanje.net\/wp-content\/uploads\/2022\/01\/Group-104.svg","contentUrl":"https:\/\/kurentovanje.net\/wp-content\/uploads\/2022\/01\/Group-104.svg","width":173.246000000000009322320693172514438629150390625,"height":122.030000000000001136868377216160297393798828125,"caption":"Zavod za turizem Ptuj"},"image":{"@id":"https:\/\/kurentovanje.net\/#\/schema\/logo\/image\/"}}]}},"_links":{"self":[{"href":"https:\/\/kurentovanje.net\/eng\/wp-json\/wp\/v2\/pages\/9096","targetHints":{"allow":["GET"]}}],"collection":[{"href":"https:\/\/kurentovanje.net\/eng\/wp-json\/wp\/v2\/pages"}],"about":[{"href":"https:\/\/kurentovanje.net\/eng\/wp-json\/wp\/v2\/types\/page"}],"author":[{"embeddable":true,"href":"https:\/\/kurentovanje.net\/eng\/wp-json\/wp\/v2\/users\/5"}],"replies":[{"embeddable":true,"href":"https:\/\/kurentovanje.net\/eng\/wp-json\/wp\/v2\/comments?post=9096"}],"version-history":[{"count":6,"href":"https:\/\/kurentovanje.net\/eng\/wp-json\/wp\/v2\/pages\/9096\/revisions"}],"predecessor-version":[{"id":10519,"href":"https:\/\/kurentovanje.net\/eng\/wp-json\/wp\/v2\/pages\/9096\/revisions\/10519"}],"wp:attachment":[{"href":"https:\/\/kurentovanje.net\/eng\/wp-json\/wp\/v2\/media?parent=9096"}],"curies":[{"name":"wp","href":"https:\/\/api.w.org\/{rel}","templated":true}]}}